{"id":17184,"date":"2024-09-28T11:43:33","date_gmt":"2024-09-28T16:43:33","guid":{"rendered":"https:\/\/mineralaonza.com\/?page_id=17184"},"modified":"2024-09-28T14:07:33","modified_gmt":"2024-09-28T19:07:33","slug":"contrato","status":"publish","type":"page","link":"https:\/\/mineralaonza.com\/en\/contrato\/","title":{"rendered":"Contrato"},"content":{"rendered":"<div data-elementor-type=\"wp-page\" data-elementor-id=\"17184\" class=\"elementor elementor-17184\" data-elementor-post-type=\"page\">\n\t\t\t\t<div class=\"has_eae_slider elementor-element elementor-element-fffe48c e-con-full e-flex e-con e-parent\" data-id=\"fffe48c\" data-element_type=\"container\" data-settings=\"{&quot;background_background&quot;:&quot;classic&quot;}\">\n\t\t\t\t<div class=\"elementor-element elementor-element-96cafa5 elementor-widget elementor-widget-text-editor\" data-id=\"96cafa5\" data-element_type=\"widget\" data-widget_type=\"text-editor.default\">\n\t\t\t\t<div class=\"elementor-widget-container\">\n\t\t\t<style>\/*! elementor - v3.21.0 - 26-05-2024 *\/\n.elementor-widget-text-editor.elementor-drop-cap-view-stacked .elementor-drop-cap{background-color:#69727d;color:#fff}.elementor-widget-text-editor.elementor-drop-cap-view-framed .elementor-drop-cap{color:#69727d;border:3px solid;background-color:transparent}.elementor-widget-text-editor:not(.elementor-drop-cap-view-default) .elementor-drop-cap{margin-top:8px}.elementor-widget-text-editor:not(.elementor-drop-cap-view-default) .elementor-drop-cap-letter{width:1em;height:1em}.elementor-widget-text-editor .elementor-drop-cap{float:left;text-align:center;line-height:1;font-size:50px}.elementor-widget-text-editor .elementor-drop-cap-letter{display:inline-block}<\/style>\t\t\t\t<p>\u00a0<\/p><p>\u00a0 \u00a0 \u00a0 \u00a0 \u00a0 \u00a0-06 de septiembre del 2024<\/p>\t\t\t\t\t\t<\/div>\n\t\t\t\t<\/div>\n\t\t\t\t<\/div>\n\t\t<div class=\"has_eae_slider elementor-element elementor-element-78d1a58e e-flex e-con-boxed e-con e-parent\" data-id=\"78d1a58e\" data-element_type=\"container\" data-settings=\"{&quot;background_background&quot;:&quot;classic&quot;}\">\n\t\t\t\t\t<div class=\"e-con-inner\">\n\t\t<div class=\"has_eae_slider elementor-element elementor-element-72db5be2 e-con-full e-flex e-con e-child\" data-id=\"72db5be2\" data-element_type=\"container\">\n\t\t\t\t<div class=\"elementor-element elementor-element-60d9d90d elementor-cta--layout-image-left elementor-cta--mobile-layout-image-above elementor-cta--valign-middle elementor-cta--skin-classic elementor-animated-content elementor-bg-transform elementor-bg-transform-zoom-in elementor-widget elementor-widget-call-to-action\" data-id=\"60d9d90d\" data-element_type=\"widget\" data-widget_type=\"call-to-action.default\">\n\t\t\t\t<div class=\"elementor-widget-container\">\n\t\t\t<link rel=\"stylesheet\" href=\"https:\/\/mineralaonza.com\/wp-content\/plugins\/elementor-pro\/assets\/css\/widget-call-to-action.min.css\">\t\t<div class=\"elementor-cta\">\n\t\t\t\t\t<div class=\"elementor-cta__bg-wrapper\">\n\t\t\t\t<div class=\"elementor-cta__bg elementor-bg\" style=\"background-image: url(https:\/\/mineralaonza.com\/wp-content\/uploads\/2024\/09\/458650661_122119936274385179_4171076376520350300_n-1024x768.jpg);\" role=\"img\" aria-label=\"contratp de explotaciob minera\"><\/div>\n\t\t\t\t<div class=\"elementor-cta__bg-overlay\"><\/div>\n\t\t\t<\/div>\n\t\t\t\t\t\t\t\t<\/div>\n\t\t\t\t<\/div>\n\t\t\t\t<\/div>\n\t\t\t\t<\/div>\n\t\t<div class=\"has_eae_slider elementor-element elementor-element-6b68c205 e-con-full e-flex e-con e-child\" data-id=\"6b68c205\" data-element_type=\"container\">\n\t\t\t\t<div class=\"elementor-element elementor-element-47d0755f elementor-widget elementor-widget-heading\" data-id=\"47d0755f\" data-element_type=\"widget\" data-widget_type=\"heading.default\">\n\t\t\t\t<div class=\"elementor-widget-container\">\n\t\t\t<style>\/*! elementor - v3.21.0 - 26-05-2024 *\/\n.elementor-heading-title{padding:0;margin:0;line-height:1}.elementor-widget-heading .elementor-heading-title[class*=elementor-size-]>a{color:inherit;font-size:inherit;line-height:inherit}.elementor-widget-heading .elementor-heading-title.elementor-size-small{font-size:15px}.elementor-widget-heading .elementor-heading-title.elementor-size-medium{font-size:19px}.elementor-widget-heading .elementor-heading-title.elementor-size-large{font-size:29px}.elementor-widget-heading .elementor-heading-title.elementor-size-xl{font-size:39px}.elementor-widget-heading .elementor-heading-title.elementor-size-xxl{font-size:59px}<\/style><h3 class=\"elementor-heading-title elementor-size-default\">Por una miner\u00eda responsable con el medioambiente y nuestra sociedad.\u200b<\/h3>\t\t<\/div>\n\t\t\t\t<\/div>\n\t\t\t\t<div class=\"elementor-element elementor-element-54f942bf elementor-widget elementor-widget-text-editor\" data-id=\"54f942bf\" data-element_type=\"widget\" data-widget_type=\"text-editor.default\">\n\t\t\t\t<div class=\"elementor-widget-container\">\n\t\t\t\t\t\t\t<p>Compa\u00f1\u00eda Minera La Onza, a fin de contribuir en el desarrollo de una miner\u00eda formal, con responsabilidad social y ambiental, hemos realizado la donaci\u00f3n de una parte de los terrenos de nuestra concesi\u00f3n, el cual fue formalizado el d\u00eda viernes 06 de septiembre del presente a\u00f1o mediante un contrato de explotaci\u00f3n minera a favor de los mineros artesanales de la Comunidad Campesina la Victoria. Con este gran aporte, reafirmamos nuestro compromiso de seguir contribuyendo al crecimiento econ\u00f3mico de la comunidad y ende de nuestro pa\u00eds.<\/p>\t\t\t\t\t\t<\/div>\n\t\t\t\t<\/div>\n\t\t\t\t<\/div>\n\t\t\t\t\t<\/div>\n\t\t\t\t<\/div>\n\t\t\t\t<\/div>","protected":false},"excerpt":{"rendered":"<p>\u00a0 \u00a0 \u00a0 \u00a0 \u00a0 \u00a0 \u00a0-06 de septiembre del 2024 Por una miner\u00eda responsable con el medioambiente y nuestra sociedad.\u200b Compa\u00f1\u00eda Minera La Onza, a fin de contribuir en el desarrollo de una miner\u00eda formal, con responsabilidad social y ambiental, hemos realizado la donaci\u00f3n de una parte de los terrenos de nuestra concesi\u00f3n, el [&hellip;]<\/p>","protected":false},"author":1,"featured_media":0,"parent":0,"menu_order":0,"comment_status":"closed","ping_status":"closed","template":"","meta":{"footnotes":""},"class_list":["post-17184","page","type-page","status-publish","hentry"],"_links":{"self":[{"href":"https:\/\/mineralaonza.com\/en\/wp-json\/wp\/v2\/pages\/17184","targetHints":{"allow":["GET"]}}],"collection":[{"href":"https:\/\/mineralaonza.com\/en\/wp-json\/wp\/v2\/pages"}],"about":[{"href":"https:\/\/mineralaonza.com\/en\/wp-json\/wp\/v2\/types\/page"}],"author":[{"embeddable":true,"href":"https:\/\/mineralaonza.com\/en\/wp-json\/wp\/v2\/users\/1"}],"replies":[{"embeddable":true,"href":"https:\/\/mineralaonza.com\/en\/wp-json\/wp\/v2\/comments?post=17184"}],"version-history":[{"count":76,"href":"https:\/\/mineralaonza.com\/en\/wp-json\/wp\/v2\/pages\/17184\/revisions"}],"predecessor-version":[{"id":17287,"href":"https:\/\/mineralaonza.com\/en\/wp-json\/wp\/v2\/pages\/17184\/revisions\/17287"}],"wp:attachment":[{"href":"https:\/\/mineralaonza.com\/en\/wp-json\/wp\/v2\/media?parent=17184"}],"curies":[{"name":"wp","href":"https:\/\/api.w.org\/{rel}","templated":true}]}}