{"id":7408,"date":"2024-07-08T00:34:58","date_gmt":"2024-07-08T05:34:58","guid":{"rendered":"https:\/\/mineralaonza.com\/?page_id=7408"},"modified":"2024-07-08T00:48:30","modified_gmt":"2024-07-08T05:48:30","slug":"galeria-de-fotos-carretera","status":"publish","type":"page","link":"https:\/\/mineralaonza.com\/en\/galeria-de-fotos-carretera\/","title":{"rendered":"galeria de fotos carretera"},"content":{"rendered":"<div data-elementor-type=\"wp-page\" data-elementor-id=\"7408\" class=\"elementor elementor-7408\" data-elementor-post-type=\"page\">\n\t\t\t\t<div class=\"has_eae_slider elementor-element elementor-element-4e15d504 e-flex e-con-boxed e-con e-parent\" data-id=\"4e15d504\" data-element_type=\"container\" data-settings=\"{&quot;background_background&quot;:&quot;classic&quot;}\">\n\t\t\t\t\t<div class=\"e-con-inner\">\n\t\t\t\t<div class=\"elementor-element elementor-element-115673b elementor-widget elementor-widget-spacer\" data-id=\"115673b\" data-element_type=\"widget\" data-widget_type=\"spacer.default\">\n\t\t\t\t<div class=\"elementor-widget-container\">\n\t\t\t<style>\/*! elementor - v3.21.0 - 26-05-2024 *\/\n.elementor-column .elementor-spacer-inner{height:var(--spacer-size)}.e-con{--container-widget-width:100%}.e-con-inner>.elementor-widget-spacer,.e-con>.elementor-widget-spacer{width:var(--container-widget-width,var(--spacer-size));--align-self:var(--container-widget-align-self,initial);--flex-shrink:0}.e-con-inner>.elementor-widget-spacer>.elementor-widget-container,.e-con>.elementor-widget-spacer>.elementor-widget-container{height:100%;width:100%}.e-con-inner>.elementor-widget-spacer>.elementor-widget-container>.elementor-spacer,.e-con>.elementor-widget-spacer>.elementor-widget-container>.elementor-spacer{height:100%}.e-con-inner>.elementor-widget-spacer>.elementor-widget-container>.elementor-spacer>.elementor-spacer-inner,.e-con>.elementor-widget-spacer>.elementor-widget-container>.elementor-spacer>.elementor-spacer-inner{height:var(--container-widget-height,var(--spacer-size))}.e-con-inner>.elementor-widget-spacer.elementor-widget-empty,.e-con>.elementor-widget-spacer.elementor-widget-empty{position:relative;min-height:22px;min-width:22px}.e-con-inner>.elementor-widget-spacer.elementor-widget-empty .elementor-widget-empty-icon,.e-con>.elementor-widget-spacer.elementor-widget-empty .elementor-widget-empty-icon{position:absolute;top:0;bottom:0;left:0;right:0;margin:auto;padding:0;width:22px;height:22px}<\/style>\t\t<div class=\"elementor-spacer\">\n\t\t\t<div class=\"elementor-spacer-inner\"><\/div>\n\t\t<\/div>\n\t\t\t\t<\/div>\n\t\t\t\t<\/div>\n\t\t\t\t<div class=\"elementor-element elementor-element-3655449f elementor-widget elementor-widget-heading\" data-id=\"3655449f\" data-element_type=\"widget\" data-widget_type=\"heading.default\">\n\t\t\t\t<div class=\"elementor-widget-container\">\n\t\t\t<style>\/*! elementor - v3.21.0 - 26-05-2024 *\/\n.elementor-heading-title{padding:0;margin:0;line-height:1}.elementor-widget-heading .elementor-heading-title[class*=elementor-size-]>a{color:inherit;font-size:inherit;line-height:inherit}.elementor-widget-heading .elementor-heading-title.elementor-size-small{font-size:15px}.elementor-widget-heading .elementor-heading-title.elementor-size-medium{font-size:19px}.elementor-widget-heading .elementor-heading-title.elementor-size-large{font-size:29px}.elementor-widget-heading .elementor-heading-title.elementor-size-xl{font-size:39px}.elementor-widget-heading .elementor-heading-title.elementor-size-xxl{font-size:59px}<\/style><h2 class=\"elementor-heading-title elementor-size-default\">ACCESS ROAD<\/h2>\t\t<\/div>\n\t\t\t\t<\/div>\n\t\t\t\t<div class=\"elementor-element elementor-element-6b39dc99 elementor-widget elementor-widget-heading\" data-id=\"6b39dc99\" data-element_type=\"widget\" data-widget_type=\"heading.default\">\n\t\t\t\t<div class=\"elementor-widget-container\">\n\t\t\t<h1 class=\"elementor-heading-title elementor-size-default\">GALERIA DE FOTOS<\/h1>\t\t<\/div>\n\t\t\t\t<\/div>\n\t\t\t\t<div class=\"elementor-element elementor-element-231e8cd elementor-widget elementor-widget-gallery\" data-id=\"231e8cd\" data-element_type=\"widget\" data-settings=\"{&quot;columns&quot;:10,&quot;sticky&quot;:&quot;top&quot;,&quot;lazyload&quot;:&quot;yes&quot;,&quot;gallery_layout&quot;:&quot;grid&quot;,&quot;columns_tablet&quot;:2,&quot;columns_mobile&quot;:1,&quot;gap&quot;:{&quot;unit&quot;:&quot;px&quot;,&quot;size&quot;:10,&quot;sizes&quot;:[]},&quot;gap_tablet&quot;:{&quot;unit&quot;:&quot;px&quot;,&quot;size&quot;:10,&quot;sizes&quot;:[]},&quot;gap_mobile&quot;:{&quot;unit&quot;:&quot;px&quot;,&quot;size&quot;:10,&quot;sizes&quot;:[]},&quot;link_to&quot;:&quot;file&quot;,&quot;aspect_ratio&quot;:&quot;3:2&quot;,&quot;overlay_background&quot;:&quot;yes&quot;,&quot;content_hover_animation&quot;:&quot;fade-in&quot;,&quot;sticky_on&quot;:[&quot;desktop&quot;,&quot;tablet&quot;,&quot;mobile&quot;],&quot;sticky_offset&quot;:0,&quot;sticky_effects_offset&quot;:0}\" data-widget_type=\"gallery.default\">\n\t\t\t\t<div class=\"elementor-widget-container\">\n\t\t\t<style>\/*! elementor-pro - v3.22.0 - 24-06-2024 *\/\n.elementor-gallery__container{min-height:1px}.elementor-gallery-item{position:relative;overflow:hidden;display:block;text-decoration:none;border:solid var(--image-border-width) var(--image-border-color);border-radius:var(--image-border-radius)}.elementor-gallery-item__content,.elementor-gallery-item__overlay{height:100%;width:100%;position:absolute;top:0;left:0}.elementor-gallery-item__overlay{mix-blend-mode:var(--overlay-mix-blend-mode);transition-duration:var(--overlay-transition-duration);transition-property:mix-blend-mode,transform,opacity,background-color}.elementor-gallery-item__image.e-gallery-image{transition-duration:var(--image-transition-duration);transition-property:filter,transform}.elementor-gallery-item__content{display:flex;flex-direction:column;justify-content:var(--content-justify-content,center);align-items:center;text-align:var(--content-text-align);padding:var(--content-padding)}.elementor-gallery-item__content>div{transition-duration:var(--content-transition-duration)}.elementor-gallery-item__content.elementor-gallery--sequenced-animation>div:nth-child(2){transition-delay:calc(var(--content-transition-delay) \/ 3)}.elementor-gallery-item__content.elementor-gallery--sequenced-animation>div:nth-child(3){transition-delay:calc(var(--content-transition-delay) \/ 3 * 2)}.elementor-gallery-item__content.elementor-gallery--sequenced-animation>div:nth-child(4){transition-delay:calc(var(--content-transition-delay) \/ 3 * 3)}.elementor-gallery-item__description{color:var(--description-text-color,#fff);width:100%}.elementor-gallery-item__title{color:var(--title-text-color,#fff);font-weight:700;width:100%}.elementor-gallery__titles-container{display:flex;flex-wrap:wrap;justify-content:var(--titles-container-justify-content,center);margin-bottom:20px}.elementor-gallery__titles-container:not(.e--pointer-framed) .elementor-item:after,.elementor-gallery__titles-container:not(.e--pointer-framed) .elementor-item:before{background-color:var(--galleries-pointer-bg-color-hover)}.elementor-gallery__titles-container:not(.e--pointer-framed) .elementor-item.elementor-item-active:after,.elementor-gallery__titles-container:not(.e--pointer-framed) .elementor-item.elementor-item-active:before{background-color:var(--galleries-pointer-bg-color-active)}.elementor-gallery__titles-container.e--pointer-framed .elementor-item:before{border-color:var(--galleries-pointer-bg-color-hover);border-width:var(--galleries-pointer-border-width)}.elementor-gallery__titles-container.e--pointer-framed .elementor-item:after{border-color:var(--galleries-pointer-bg-color-hover)}.elementor-gallery__titles-container.e--pointer-framed .elementor-item.elementor-item-active:after,.elementor-gallery__titles-container.e--pointer-framed .elementor-item.elementor-item-active:before{border-color:var(--galleries-pointer-bg-color-active)}.elementor-gallery__titles-container.e--pointer-framed.e--animation-draw .elementor-item:before{border-left-width:var(--galleries-pointer-border-width);border-bottom-width:var(--galleries-pointer-border-width);border-right-width:0;border-top-width:0}.elementor-gallery__titles-container.e--pointer-framed.e--animation-draw .elementor-item:after{border-left-width:0;border-bottom-width:0;border-right-width:var(--galleries-pointer-border-width);border-top-width:var(--galleries-pointer-border-width)}.elementor-gallery__titles-container.e--pointer-framed.e--animation-corners .elementor-item:before{border-left-width:var(--galleries-pointer-border-width);border-bottom-width:0;border-right-width:0;border-top-width:var(--galleries-pointer-border-width)}.elementor-gallery__titles-container.e--pointer-framed.e--animation-corners .elementor-item:after{border-left-width:0;border-bottom-width:var(--galleries-pointer-border-width);border-right-width:var(--galleries-pointer-border-width);border-top-width:0}.elementor-gallery__titles-container .e--pointer-double-line .elementor-item:after,.elementor-gallery__titles-container .e--pointer-double-line .elementor-item:before,.elementor-gallery__titles-container .e--pointer-overline .elementor-item:before,.elementor-gallery__titles-container .e--pointer-underline .elementor-item:after{height:var(--galleries-pointer-border-width)}.elementor-gallery-title{--space-between:10px;cursor:pointer;color:#6d7882;font-weight:500;position:relative;padding:7px 14px;transition:all .3s}.elementor-gallery-title--active{color:#495157}.elementor-gallery-title:not(:last-child){margin-inline-end:var(--space-between)}.elementor-gallery-item__title+.elementor-gallery-item__description{margin-top:var(--description-margin-top)}.e-gallery-item.elementor-gallery-item{transition-property:all}.e-gallery-item.elementor-animated-content .elementor-animated-item--enter-from-bottom,.e-gallery-item.elementor-animated-content .elementor-animated-item--enter-from-left,.e-gallery-item.elementor-animated-content .elementor-animated-item--enter-from-right,.e-gallery-item.elementor-animated-content .elementor-animated-item--enter-from-top,.e-gallery-item:focus .elementor-gallery__item-overlay-bg,.e-gallery-item:focus .elementor-gallery__item-overlay-content,.e-gallery-item:focus .elementor-gallery__item-overlay-content__description,.e-gallery-item:focus .elementor-gallery__item-overlay-content__title,.e-gallery-item:hover .elementor-gallery__item-overlay-bg,.e-gallery-item:hover .elementor-gallery__item-overlay-content,.e-gallery-item:hover .elementor-gallery__item-overlay-content__description,.e-gallery-item:hover .elementor-gallery__item-overlay-content__title{opacity:1}a.elementor-item.elementor-gallery-title{color:var(--galleries-title-color-normal)}a.elementor-item.elementor-gallery-title.elementor-item-active,a.elementor-item.elementor-gallery-title.highlighted,a.elementor-item.elementor-gallery-title:focus,a.elementor-item.elementor-gallery-title:hover{color:var(--galleries-title-color-hover)}a.elementor-item.elementor-gallery-title.elementor-item-active{color:var(--gallery-title-color-active)}.e-con-inner>.elementor-widget-gallery,.e-con>.elementor-widget-gallery{width:var(--container-widget-width);--flex-grow:var(--container-widget-flex-grow)}<\/style>\t\t<div class=\"elementor-gallery__container\">\n\t\t\t\t\t\t\t<a class=\"e-gallery-item elementor-gallery-item elementor-animated-content\" href=\"https:\/\/mineralaonza.com\/wp-content\/uploads\/2024\/07\/WhatsApp-Image-2024-06-13-at-7.17.44-PM-1-e1720384411961.jpeg\" data-elementor-open-lightbox=\"yes\" data-elementor-lightbox-slideshow=\"231e8cd\" data-elementor-lightbox-title=\"Compa\u00f1ia minera la onza\" data-elementor-lightbox-description=\"maquinarias pesadas \" data-e-action-hash=\"#elementor-action%3Aaction%3Dlightbox%26settings%3DeyJpZCI6NzA2NSwidXJsIjoiaHR0cHM6XC9cL21pbmVyYWxhb256YS5jb21cL3dwLWNvbnRlbnRcL3VwbG9hZHNcLzIwMjRcLzA3XC9XaGF0c0FwcC1JbWFnZS0yMDI0LTA2LTEzLWF0LTcuMTcuNDQtUE0tMS1lMTcyMDM4NDQxMTk2MS5qcGVnIiwic2xpZGVzaG93IjoiMjMxZThjZCJ9\">\n\t\t\t\t\t<div class=\"e-gallery-image elementor-gallery-item__image\" data-thumbnail=\"https:\/\/mineralaonza.com\/wp-content\/uploads\/2024\/07\/WhatsApp-Image-2024-06-13-at-7.17.44-PM-1-e1720384411961-300x184.jpeg\" data-width=\"300\" data-height=\"184\" aria-label=\"\" role=\"img\" ><\/div>\n\t\t\t\t\t\t\t\t\t\t\t<div class=\"elementor-gallery-item__overlay\"><\/div>\n\t\t\t\t\t\t\t\t\t\t\t\t\t\t<\/a>\n\t\t\t\t\t\t\t<a class=\"e-gallery-item elementor-gallery-item elementor-animated-content\" href=\"https:\/\/mineralaonza.com\/wp-content\/uploads\/2024\/07\/9c13a2d5-f942-4685-8f71-641e06a6f6e2-scaled-e1720414937574.jpg\" data-elementor-open-lightbox=\"yes\" data-elementor-lightbox-slideshow=\"231e8cd\" data-elementor-lightbox-title=\"Compa\u00f1\u00eda Minera La Onza\" data-elementor-lightbox-description=\"Proyecto carretera - persona de trabajo\" data-e-action-hash=\"#elementor-action%3Aaction%3Dlightbox%26settings%3DeyJpZCI6NzM3MSwidXJsIjoiaHR0cHM6XC9cL21pbmVyYWxhb256YS5jb21cL3dwLWNvbnRlbnRcL3VwbG9hZHNcLzIwMjRcLzA3XC85YzEzYTJkNS1mOTQyLTQ2ODUtOGY3MS02NDFlMDZhNmY2ZTItc2NhbGVkLWUxNzIwNDE0OTM3NTc0LmpwZyIsInNsaWRlc2hvdyI6IjIzMWU4Y2QifQ%3D%3D\">\n\t\t\t\t\t<div class=\"e-gallery-image elementor-gallery-item__image\" data-thumbnail=\"https:\/\/mineralaonza.com\/wp-content\/uploads\/2024\/07\/9c13a2d5-f942-4685-8f71-641e06a6f6e2-scaled-e1720414937574-300x177.jpg\" data-width=\"300\" data-height=\"177\" aria-label=\"\" role=\"img\" ><\/div>\n\t\t\t\t\t\t\t\t\t\t\t<div class=\"elementor-gallery-item__overlay\"><\/div>\n\t\t\t\t\t\t\t\t\t\t\t\t\t\t<\/a>\n\t\t\t\t\t\t\t<a class=\"e-gallery-item elementor-gallery-item elementor-animated-content\" href=\"https:\/\/mineralaonza.com\/wp-content\/uploads\/2024\/07\/dji_fly_20240103_171548_0834_1704320579445_photo-3-scaled.jpg\" data-elementor-open-lightbox=\"yes\" data-elementor-lightbox-slideshow=\"231e8cd\" data-elementor-lightbox-title=\"Compa\u00f1\u00eda Minera La Onza\" data-elementor-lightbox-description=\"Eficiencia\" data-e-action-hash=\"#elementor-action%3Aaction%3Dlightbox%26settings%3DeyJpZCI6NjI1MywidXJsIjoiaHR0cHM6XC9cL21pbmVyYWxhb256YS5jb21cL3dwLWNvbnRlbnRcL3VwbG9hZHNcLzIwMjRcLzA3XC9kamlfZmx5XzIwMjQwMTAzXzE3MTU0OF8wODM0XzE3MDQzMjA1Nzk0NDVfcGhvdG8tMy1zY2FsZWQuanBnIiwic2xpZGVzaG93IjoiMjMxZThjZCJ9\">\n\t\t\t\t\t<div class=\"e-gallery-image elementor-gallery-item__image\" data-thumbnail=\"https:\/\/mineralaonza.com\/wp-content\/uploads\/2024\/07\/dji_fly_20240103_171548_0834_1704320579445_photo-3-169x300.jpg\" data-width=\"169\" data-height=\"300\" aria-label=\"\" role=\"img\" ><\/div>\n\t\t\t\t\t\t\t\t\t\t\t<div class=\"elementor-gallery-item__overlay\"><\/div>\n\t\t\t\t\t\t\t\t\t\t\t\t\t\t<\/a>\n\t\t\t\t\t\t\t<a class=\"e-gallery-item elementor-gallery-item elementor-animated-content\" href=\"https:\/\/mineralaonza.com\/wp-content\/uploads\/2024\/07\/WhatsApp-Image-2024-06-14-at-9.52.09-AM-e1720413493571.jpeg\" data-elementor-open-lightbox=\"yes\" data-elementor-lightbox-slideshow=\"231e8cd\" data-elementor-lightbox-title=\"Compa\u00f1\u00eda Minera La Onza\" data-elementor-lightbox-description=\"Proyecto carretera - excavadoras\" data-e-action-hash=\"#elementor-action%3Aaction%3Dlightbox%26settings%3DeyJpZCI6NTU3MCwidXJsIjoiaHR0cHM6XC9cL21pbmVyYWxhb256YS5jb21cL3dwLWNvbnRlbnRcL3VwbG9hZHNcLzIwMjRcLzA3XC9XaGF0c0FwcC1JbWFnZS0yMDI0LTA2LTE0LWF0LTkuNTIuMDktQU0tZTE3MjA0MTM0OTM1NzEuanBlZyIsInNsaWRlc2hvdyI6IjIzMWU4Y2QifQ%3D%3D\">\n\t\t\t\t\t<div class=\"e-gallery-image elementor-gallery-item__image\" data-thumbnail=\"https:\/\/mineralaonza.com\/wp-content\/uploads\/2024\/07\/WhatsApp-Image-2024-06-14-at-9.52.09-AM-e1720413493571-300x145.jpeg\" data-width=\"300\" data-height=\"145\" aria-label=\"\" role=\"img\" ><\/div>\n\t\t\t\t\t\t\t\t\t\t\t<div class=\"elementor-gallery-item__overlay\"><\/div>\n\t\t\t\t\t\t\t\t\t\t\t\t\t\t<\/a>\n\t\t\t\t\t\t\t<a class=\"e-gallery-item elementor-gallery-item elementor-animated-content\" href=\"https:\/\/mineralaonza.com\/wp-content\/uploads\/2024\/07\/WhatsApp-Image-2024-06-12-at-10.34.15-AM-scaled-e1721405279900.jpeg\" data-elementor-open-lightbox=\"yes\" data-elementor-lightbox-slideshow=\"231e8cd\" data-elementor-lightbox-title=\"Compa\u00f1\u00eda Minera La Onza\" data-elementor-lightbox-description=\"Equipo de trabajo\" data-e-action-hash=\"#elementor-action%3Aaction%3Dlightbox%26settings%3DeyJpZCI6NTU5OCwidXJsIjoiaHR0cHM6XC9cL21pbmVyYWxhb256YS5jb21cL3dwLWNvbnRlbnRcL3VwbG9hZHNcLzIwMjRcLzA3XC9XaGF0c0FwcC1JbWFnZS0yMDI0LTA2LTEyLWF0LTEwLjM0LjE1LUFNLXNjYWxlZC1lMTcyMTQwNTI3OTkwMC5qcGVnIiwic2xpZGVzaG93IjoiMjMxZThjZCJ9\">\n\t\t\t\t\t<div class=\"e-gallery-image elementor-gallery-item__image\" data-thumbnail=\"https:\/\/mineralaonza.com\/wp-content\/uploads\/2024\/07\/WhatsApp-Image-2024-06-12-at-10.34.15-AM-scaled-e1721405279900-300x180.jpeg\" data-width=\"300\" data-height=\"180\" aria-label=\"\" role=\"img\" ><\/div>\n\t\t\t\t\t\t\t\t\t\t\t<div class=\"elementor-gallery-item__overlay\"><\/div>\n\t\t\t\t\t\t\t\t\t\t\t\t\t\t<\/a>\n\t\t\t\t\t\t\t<a class=\"e-gallery-item elementor-gallery-item elementor-animated-content\" href=\"https:\/\/mineralaonza.com\/wp-content\/uploads\/2024\/07\/WhatsApp-Image-2024-06-13-at-7.17.44-PM.jpeg\" data-elementor-open-lightbox=\"yes\" data-elementor-lightbox-slideshow=\"231e8cd\" data-elementor-lightbox-title=\"La onza minera\" data-elementor-lightbox-description=\"maquinarias pesadas la onza minera\" data-e-action-hash=\"#elementor-action%3Aaction%3Dlightbox%26settings%3DeyJpZCI6NTU2NiwidXJsIjoiaHR0cHM6XC9cL21pbmVyYWxhb256YS5jb21cL3dwLWNvbnRlbnRcL3VwbG9hZHNcLzIwMjRcLzA3XC9XaGF0c0FwcC1JbWFnZS0yMDI0LTA2LTEzLWF0LTcuMTcuNDQtUE0uanBlZyIsInNsaWRlc2hvdyI6IjIzMWU4Y2QifQ%3D%3D\">\n\t\t\t\t\t<div class=\"e-gallery-image elementor-gallery-item__image\" data-thumbnail=\"https:\/\/mineralaonza.com\/wp-content\/uploads\/2024\/07\/WhatsApp-Image-2024-06-13-at-7.17.44-PM-300x169.jpeg\" data-width=\"300\" data-height=\"169\" aria-label=\"\" role=\"img\" ><\/div>\n\t\t\t\t\t\t\t\t\t\t\t<div class=\"elementor-gallery-item__overlay\"><\/div>\n\t\t\t\t\t\t\t\t\t\t\t\t\t\t<\/a>\n\t\t\t\t\t\t\t<a class=\"e-gallery-item elementor-gallery-item elementor-animated-content\" href=\"https:\/\/mineralaonza.com\/wp-content\/uploads\/2024\/07\/IMG_0517_Original-scaled-e1720042641207.jpg\" data-elementor-open-lightbox=\"yes\" data-elementor-lightbox-slideshow=\"231e8cd\" data-elementor-lightbox-title=\"Compa\u00f1\u00eda Minera La Onza\" data-elementor-lightbox-description=\"Proyecto caretera\" data-e-action-hash=\"#elementor-action%3Aaction%3Dlightbox%26settings%3DeyJpZCI6NTIxOCwidXJsIjoiaHR0cHM6XC9cL21pbmVyYWxhb256YS5jb21cL3dwLWNvbnRlbnRcL3VwbG9hZHNcLzIwMjRcLzA3XC9JTUdfMDUxN19PcmlnaW5hbC1zY2FsZWQtZTE3MjAwNDI2NDEyMDcuanBnIiwic2xpZGVzaG93IjoiMjMxZThjZCJ9\">\n\t\t\t\t\t<div class=\"e-gallery-image elementor-gallery-item__image\" data-thumbnail=\"https:\/\/mineralaonza.com\/wp-content\/uploads\/2024\/07\/IMG_0517_Original-scaled-e1720042641207-282x300.jpg\" data-width=\"282\" data-height=\"300\" aria-label=\"\" role=\"img\" ><\/div>\n\t\t\t\t\t\t\t\t\t\t\t<div class=\"elementor-gallery-item__overlay\"><\/div>\n\t\t\t\t\t\t\t\t\t\t\t\t\t\t<\/a>\n\t\t\t\t\t\t\t<a class=\"e-gallery-item elementor-gallery-item elementor-animated-content\" href=\"https:\/\/mineralaonza.com\/wp-content\/uploads\/2024\/06\/71cd34f5-630b-4b49-9e66-5b84a8cf66ea-scaled-e1721405030499.jpg\" data-elementor-open-lightbox=\"yes\" data-elementor-lightbox-slideshow=\"231e8cd\" data-elementor-lightbox-title=\"Compa\u00f1\u00eda Minera La Onza\" data-elementor-lightbox-description=\"Equipo de carretera\" data-e-action-hash=\"#elementor-action%3Aaction%3Dlightbox%26settings%3DeyJpZCI6MzE1OCwidXJsIjoiaHR0cHM6XC9cL21pbmVyYWxhb256YS5jb21cL3dwLWNvbnRlbnRcL3VwbG9hZHNcLzIwMjRcLzA2XC83MWNkMzRmNS02MzBiLTRiNDktOWU2Ni01Yjg0YThjZjY2ZWEtc2NhbGVkLWUxNzIxNDA1MDMwNDk5LmpwZyIsInNsaWRlc2hvdyI6IjIzMWU4Y2QifQ%3D%3D\">\n\t\t\t\t\t<div class=\"e-gallery-image elementor-gallery-item__image\" data-thumbnail=\"https:\/\/mineralaonza.com\/wp-content\/uploads\/2024\/06\/71cd34f5-630b-4b49-9e66-5b84a8cf66ea-scaled-e1721405030499-300x141.jpg\" data-width=\"300\" data-height=\"141\" aria-label=\"\" role=\"img\" ><\/div>\n\t\t\t\t\t\t\t\t\t\t\t<div class=\"elementor-gallery-item__overlay\"><\/div>\n\t\t\t\t\t\t\t\t\t\t\t\t\t\t<\/a>\n\t\t\t\t\t\t\t<a class=\"e-gallery-item elementor-gallery-item elementor-animated-content\" href=\"https:\/\/mineralaonza.com\/wp-content\/uploads\/2024\/06\/WhatsApp-Image-2024-06-14-at-9.52.09-AM-e1718384700225.jpeg\" data-elementor-open-lightbox=\"yes\" data-elementor-lightbox-slideshow=\"231e8cd\" data-elementor-lightbox-title=\"Compa\u00f1\u00eda Minera La Onza - a\u00f1o 2024\" data-e-action-hash=\"#elementor-action%3Aaction%3Dlightbox%26settings%3DeyJpZCI6Mjg4NCwidXJsIjoiaHR0cHM6XC9cL21pbmVyYWxhb256YS5jb21cL3dwLWNvbnRlbnRcL3VwbG9hZHNcLzIwMjRcLzA2XC9XaGF0c0FwcC1JbWFnZS0yMDI0LTA2LTE0LWF0LTkuNTIuMDktQU0tZTE3MTgzODQ3MDAyMjUuanBlZyIsInNsaWRlc2hvdyI6IjIzMWU4Y2QifQ%3D%3D\">\n\t\t\t\t\t<div class=\"e-gallery-image elementor-gallery-item__image\" data-thumbnail=\"https:\/\/mineralaonza.com\/wp-content\/uploads\/2024\/06\/WhatsApp-Image-2024-06-14-at-9.52.09-AM-e1718384700225-300x124.jpeg\" data-width=\"300\" data-height=\"124\" aria-label=\"\" role=\"img\" ><\/div>\n\t\t\t\t\t\t\t\t\t\t\t<div class=\"elementor-gallery-item__overlay\"><\/div>\n\t\t\t\t\t\t\t\t\t\t\t\t\t\t<\/a>\n\t\t\t\t\t\t\t<a class=\"e-gallery-item elementor-gallery-item elementor-animated-content\" href=\"https:\/\/mineralaonza.com\/wp-content\/uploads\/2024\/06\/79d979cb-4966-40d5-9f56-74f983468e87-1-1-scaled.jpg\" data-elementor-open-lightbox=\"yes\" data-elementor-lightbox-slideshow=\"231e8cd\" data-elementor-lightbox-title=\"Compa\u00f1\u00eda Minera La Onza\" data-elementor-lightbox-description=\"Proyecto carretera - portada\" data-e-action-hash=\"#elementor-action%3Aaction%3Dlightbox%26settings%3DeyJpZCI6MjQ0MCwidXJsIjoiaHR0cHM6XC9cL21pbmVyYWxhb256YS5jb21cL3dwLWNvbnRlbnRcL3VwbG9hZHNcLzIwMjRcLzA2XC83OWQ5NzljYi00OTY2LTQwZDUtOWY1Ni03NGY5ODM0NjhlODctMS0xLXNjYWxlZC5qcGciLCJzbGlkZXNob3ciOiIyMzFlOGNkIn0%3D\">\n\t\t\t\t\t<div class=\"e-gallery-image elementor-gallery-item__image\" data-thumbnail=\"https:\/\/mineralaonza.com\/wp-content\/uploads\/2024\/06\/79d979cb-4966-40d5-9f56-74f983468e87-1-1-300x140.jpg\" data-width=\"300\" data-height=\"140\" aria-label=\"\" role=\"img\" ><\/div>\n\t\t\t\t\t\t\t\t\t\t\t<div class=\"elementor-gallery-item__overlay\"><\/div>\n\t\t\t\t\t\t\t\t\t\t\t\t\t\t<\/a>\n\t\t\t\t\t<\/div>\n\t\t\t<\/div>\n\t\t\t\t<\/div>\n\t\t\t\t\t<\/div>\n\t\t\t\t<\/div>\n\t\t\t\t<\/div>","protected":false},"excerpt":{"rendered":"<p>CARRETERA DE ACCESO GALERIA DE FOTOS<\/p>","protected":false},"author":1,"featured_media":0,"parent":0,"menu_order":0,"comment_status":"closed","ping_status":"closed","template":"","meta":{"footnotes":""},"class_list":["post-7408","page","type-page","status-publish","hentry"],"_links":{"self":[{"href":"https:\/\/mineralaonza.com\/en\/wp-json\/wp\/v2\/pages\/7408","targetHints":{"allow":["GET"]}}],"collection":[{"href":"https:\/\/mineralaonza.com\/en\/wp-json\/wp\/v2\/pages"}],"about":[{"href":"https:\/\/mineralaonza.com\/en\/wp-json\/wp\/v2\/types\/page"}],"author":[{"embeddable":true,"href":"https:\/\/mineralaonza.com\/en\/wp-json\/wp\/v2\/users\/1"}],"replies":[{"embeddable":true,"href":"https:\/\/mineralaonza.com\/en\/wp-json\/wp\/v2\/comments?post=7408"}],"version-history":[{"count":28,"href":"https:\/\/mineralaonza.com\/en\/wp-json\/wp\/v2\/pages\/7408\/revisions"}],"predecessor-version":[{"id":7441,"href":"https:\/\/mineralaonza.com\/en\/wp-json\/wp\/v2\/pages\/7408\/revisions\/7441"}],"wp:attachment":[{"href":"https:\/\/mineralaonza.com\/en\/wp-json\/wp\/v2\/media?parent=7408"}],"curies":[{"name":"wp","href":"https:\/\/api.w.org\/{rel}","templated":true}]}}